{"id":6399,"date":"2023-11-19T17:37:49","date_gmt":"2023-11-19T16:37:49","guid":{"rendered":"https:\/\/criolloquetzal.ch\/?post_type=product&#038;p=6399"},"modified":"2026-04-23T04:57:30","modified_gmt":"2026-04-23T02:57:30","slug":"metiche-cioccolato-fondente-75-las-delias-messico","status":"publish","type":"product","link":"https:\/\/criolloquetzal.ch\/it\/produit\/metiche-cioccolato-fondente-75-las-delias-messico\/","title":{"rendered":"Metiche - Cioccolato fondente 75% Las Delias - MESSICO"},"content":{"rendered":"<p>\u200bIl cioccolato Metiche al 75% \"Las Delias\" \u00e8 un cioccolato single origin prodotto con cacao Criollo Almendra Blanca proveniente da Comalcalco, nello stato di Tabasco.<\/p>\n<p>Questa tavoletta complessa ha una consistenza leggermente sabbiosa e note aromatiche di frutto della passione, maracuy\u00e1, ananas e susina gialla. L'astringenza del cioccolato \u00e8 elevata e lascia un gusto secco sulla lingua, a causa del periodo in cui \u00e8 stato raccolto il cacao.<\/p>\n<p>Questo cioccolato si abbina molto bene con un vino dolce o un formaggio grasso.<\/p>\n","protected":false},"excerpt":{"rendered":"<p>\u200bIl cioccolato Metiche al 75% \"Las Delias\" \u00e8 un cioccolato single origin prodotto con cacao Criollo Almendra Blanca proveniente da Comalcalco, nello stato di Tabasco. Questa tavoletta complessa ha una consistenza leggermente sabbiosa e note aromatiche di frutto della passione, maracuy\u00e1, ananas e susina gialla. L'astringenza del cioccolato \u00e8 elevata e lascia un gusto secco sulla lingua, a causa del periodo in cui \u00e8 stato raccolto il cacao. Questo cioccolato si abbina molto bene con un vino dolce o un formaggio grasso.<\/p>\n","protected":false},"featured_media":6307,"template":"","meta":{"_acf_changed":false,"inline_featured_image":false},"product_brand":[],"product_cat":[809,98],"product_tag":[],"class_list":{"0":"post-6399","1":"product","2":"type-product","3":"status-publish","4":"has-post-thumbnail","6":"product_cat-messico","7":"product_cat-america-centrale","9":"first","10":"instock","11":"taxable","12":"shipping-taxable","13":"purchasable","14":"product-type-simple"},"bundled_by":[],"bundle_stock_status":"instock","bundle_stock_quantity":27,"bundle_virtual":false,"bundle_layout":"","bundle_add_to_cart_form_location":"","bundle_editable_in_cart":false,"bundle_sold_individually_context":"","bundle_item_grouping":"","bundle_min_size":"","bundle_max_size":"","bundle_price":[],"bundled_items":[],"bundle_sell_ids":[],"acf":{"ingredients":"\u200b\u200bFave di cacao (70% Messico), zucchero di canna, burro di cacao","energie":586,"graisse":41,"graisse_saturee":20,"glucides":47,"sucre":26,"fibre":"9","proteines":9,"sel":0},"_links":{"self":[{"href":"https:\/\/criolloquetzal.ch\/it\/wp-json\/wp\/v2\/product\/6399","targetHints":{"allow":["GET"]}}],"collection":[{"href":"https:\/\/criolloquetzal.ch\/it\/wp-json\/wp\/v2\/product"}],"about":[{"href":"https:\/\/criolloquetzal.ch\/it\/wp-json\/wp\/v2\/types\/product"}],"wp:featuredmedia":[{"embeddable":true,"href":"https:\/\/criolloquetzal.ch\/it\/wp-json\/wp\/v2\/media\/6307"}],"wp:attachment":[{"href":"https:\/\/criolloquetzal.ch\/it\/wp-json\/wp\/v2\/media?parent=6399"}],"wp:term":[{"taxonomy":"product_brand","embeddable":true,"href":"https:\/\/criolloquetzal.ch\/it\/wp-json\/wp\/v2\/product_brand?post=6399"},{"taxonomy":"product_cat","embeddable":true,"href":"https:\/\/criolloquetzal.ch\/it\/wp-json\/wp\/v2\/product_cat?post=6399"},{"taxonomy":"product_tag","embeddable":true,"href":"https:\/\/criolloquetzal.ch\/it\/wp-json\/wp\/v2\/product_tag?post=6399"}],"curies":[{"name":"wp","href":"https:\/\/api.w.org\/{rel}","templated":true}]}}