{"id":6405,"date":"2023-11-19T17:37:52","date_gmt":"2023-11-19T16:37:52","guid":{"rendered":"https:\/\/criolloquetzal.ch\/?post_type=product&#038;p=6405"},"modified":"2026-04-14T05:26:22","modified_gmt":"2026-04-14T03:26:22","slug":"metiche-cioccolato-fondente-75-cardamomo-caffe-messico","status":"publish","type":"product","link":"https:\/\/criolloquetzal.ch\/it\/produit\/metiche-cioccolato-fondente-75-cardamomo-caffe-messico\/","title":{"rendered":"Metiche - Cioccolato fondente 75% con cardamomo e caff\u00e8 - MESSICO"},"content":{"rendered":"<p>\u200bQuesta tavoletta di cioccolato fondente Metiche \u00e8 creata per coloro che amano i sapori intensi! Il gusto del cardamomo \u00e8 pronunciato e la combinazione di cioccolato e caff\u00e8... crea dipendenza (nel senso migliore del termine).<\/p>\n<p>Il cacao di questo cioccolato \u00e8 tostato pi\u00f9 scuro per bilanciare l'acidit\u00e0 della fava e far emergere il sapore del cardamomo. \u00c8 un best-seller di Metiche e un preferito di coloro che non sono grandi amanti dello zucchero.<\/p>\n","protected":false},"excerpt":{"rendered":"<p>\u200bQuesta tavoletta di cioccolato fondente Metiche \u00e8 creata per coloro che amano i sapori intensi! Il gusto del cardamomo \u00e8 pronunciato e la combinazione di cioccolato e caff\u00e8... crea dipendenza (nel senso migliore del termine). Il cacao di questo cioccolato \u00e8 tostato pi\u00f9 scuro per bilanciare l'acidit\u00e0 della fava e far emergere il sapore del cardamomo. \u00c8 un best-seller di Metiche e un preferito di coloro che non sono grandi amanti dello zucchero.<\/p>\n","protected":false},"featured_media":6299,"template":"","meta":{"_acf_changed":false,"inline_featured_image":false},"product_brand":[],"product_cat":[809,98],"product_tag":[],"class_list":{"0":"post-6405","1":"product","2":"type-product","3":"status-publish","4":"has-post-thumbnail","6":"product_cat-messico","7":"product_cat-america-centrale","9":"first","10":"instock","11":"taxable","12":"shipping-taxable","13":"purchasable","14":"product-type-simple"},"bundled_by":[],"bundle_stock_status":"instock","bundle_stock_quantity":13,"bundle_virtual":false,"bundle_layout":"","bundle_add_to_cart_form_location":"","bundle_editable_in_cart":false,"bundle_sold_individually_context":"","bundle_item_grouping":"","bundle_min_size":"","bundle_max_size":"","bundle_price":[],"bundled_items":[],"bundle_sell_ids":[],"acf":{"ingredients":"Fave di cacao (70% Messico), zucchero di canna, burro di cacao, caff\u00e8, cardamomo","energie":571,"graisse":39,"graisse_saturee":24,"glucides":50,"sucre":27,"fibre":"6","proteines":9,"sel":0},"_links":{"self":[{"href":"https:\/\/criolloquetzal.ch\/it\/wp-json\/wp\/v2\/product\/6405","targetHints":{"allow":["GET"]}}],"collection":[{"href":"https:\/\/criolloquetzal.ch\/it\/wp-json\/wp\/v2\/product"}],"about":[{"href":"https:\/\/criolloquetzal.ch\/it\/wp-json\/wp\/v2\/types\/product"}],"wp:featuredmedia":[{"embeddable":true,"href":"https:\/\/criolloquetzal.ch\/it\/wp-json\/wp\/v2\/media\/6299"}],"wp:attachment":[{"href":"https:\/\/criolloquetzal.ch\/it\/wp-json\/wp\/v2\/media?parent=6405"}],"wp:term":[{"taxonomy":"product_brand","embeddable":true,"href":"https:\/\/criolloquetzal.ch\/it\/wp-json\/wp\/v2\/product_brand?post=6405"},{"taxonomy":"product_cat","embeddable":true,"href":"https:\/\/criolloquetzal.ch\/it\/wp-json\/wp\/v2\/product_cat?post=6405"},{"taxonomy":"product_tag","embeddable":true,"href":"https:\/\/criolloquetzal.ch\/it\/wp-json\/wp\/v2\/product_tag?post=6405"}],"curies":[{"name":"wp","href":"https:\/\/api.w.org\/{rel}","templated":true}]}}