{"id":6408,"date":"2023-11-19T17:37:56","date_gmt":"2023-11-19T16:37:56","guid":{"rendered":"https:\/\/criolloquetzal.ch\/?post_type=product&#038;p=6408"},"modified":"2026-04-12T07:42:00","modified_gmt":"2026-04-12T05:42:00","slug":"metiche-cioccolato-fondente-70-mezcal-messico","status":"publish","type":"product","link":"https:\/\/criolloquetzal.ch\/it\/produit\/metiche-cioccolato-fondente-70-mezcal-messico\/","title":{"rendered":"Metiche - Chocolat noir 70% au mezcal - MEXIQUE"},"content":{"rendered":"<p>\u200bIl cacao di questo cioccolato Metiche \u00e8 stato infuso per oltre due mesi nel mezcal, un tradizionale alcol messicano.<\/p>\n<p>Il mezcal \u00e8 naturalmente affumicato e le fave di cacao utilizzate in questa tavoletta sono pi\u00f9 fruttate. L'elemento affumicato del mezcal unito al carattere fruttato delle fave di cacao rendono questa tavoletta una delle pi\u00f9 popolari di Metiche, nonch\u00e9 una delle loro preferite per via del suo sapore unico!<\/p>\n","protected":false},"excerpt":{"rendered":"<p>\u200bIl cacao di questo cioccolato Metiche \u00e8 stato infuso per oltre due mesi nel mezcal, un tradizionale alcol messicano. Il mezcal \u00e8 naturalmente affumicato e le fave di cacao utilizzate in questa tavoletta sono pi\u00f9 fruttate. L'elemento affumicato del mezcal unito al carattere fruttato delle fave di cacao rendono questa tavoletta una delle pi\u00f9 popolari di Metiche, nonch\u00e9 una delle loro preferite per via del suo sapore unico!<\/p>\n","protected":false},"featured_media":6315,"template":"","meta":{"_acf_changed":false,"inline_featured_image":false},"product_brand":[],"product_cat":[809,98],"product_tag":[],"class_list":{"0":"post-6408","1":"product","2":"type-product","3":"status-publish","4":"has-post-thumbnail","6":"product_cat-messico","7":"product_cat-america-centrale","9":"first","10":"instock","11":"taxable","12":"shipping-taxable","13":"purchasable","14":"product-type-simple"},"bundled_by":["7043"],"bundle_stock_status":"instock","bundle_stock_quantity":19,"bundle_virtual":false,"bundle_layout":"","bundle_add_to_cart_form_location":"","bundle_editable_in_cart":false,"bundle_sold_individually_context":"","bundle_item_grouping":"","bundle_min_size":"","bundle_max_size":"","bundle_price":[],"bundled_items":[],"bundle_sell_ids":[],"acf":{"ingredients":"\u200b\u200b\u200bFave di cacao (60% Messico), zucchero di canna, burro di cacao<span class=\"redactor-invisible-space\" data-verified=\"redactor\" data-redactor-tag=\"span\" data-redactor-class=\"redactor-invisible-space\">\u200b, mezcal<\/span>","energie":586,"graisse":39,"graisse_saturee":20,"glucides":50,"sucre":31,"fibre":"9","proteines":9,"sel":0},"_links":{"self":[{"href":"https:\/\/criolloquetzal.ch\/it\/wp-json\/wp\/v2\/product\/6408","targetHints":{"allow":["GET"]}}],"collection":[{"href":"https:\/\/criolloquetzal.ch\/it\/wp-json\/wp\/v2\/product"}],"about":[{"href":"https:\/\/criolloquetzal.ch\/it\/wp-json\/wp\/v2\/types\/product"}],"wp:featuredmedia":[{"embeddable":true,"href":"https:\/\/criolloquetzal.ch\/it\/wp-json\/wp\/v2\/media\/6315"}],"wp:attachment":[{"href":"https:\/\/criolloquetzal.ch\/it\/wp-json\/wp\/v2\/media?parent=6408"}],"wp:term":[{"taxonomy":"product_brand","embeddable":true,"href":"https:\/\/criolloquetzal.ch\/it\/wp-json\/wp\/v2\/product_brand?post=6408"},{"taxonomy":"product_cat","embeddable":true,"href":"https:\/\/criolloquetzal.ch\/it\/wp-json\/wp\/v2\/product_cat?post=6408"},{"taxonomy":"product_tag","embeddable":true,"href":"https:\/\/criolloquetzal.ch\/it\/wp-json\/wp\/v2\/product_tag?post=6408"}],"curies":[{"name":"wp","href":"https:\/\/api.w.org\/{rel}","templated":true}]}}