{"id":6636,"date":"2023-12-29T20:11:07","date_gmt":"2023-12-29T19:11:07","guid":{"rendered":"https:\/\/criolloquetzal.ch\/?post_type=product&#038;p=6636"},"modified":"2026-04-14T09:07:07","modified_gmt":"2026-04-14T07:07:07","slug":"milz-cioccolato-fondente-65-caffe-repubblica-dominicana","status":"publish","type":"product","link":"https:\/\/criolloquetzal.ch\/it\/produit\/milz-cioccolato-fondente-65-caffe-repubblica-dominicana\/","title":{"rendered":"Milz - Cioccolato fondente 65% con caff\u00e8 - REPUBBLICA DOMINICANA"},"content":{"rendered":"<p>\u200bIl 65% di cacao proveniente dalla piantagione della famiglia Milz, abbinato a del caff\u00e8 artigianale locale. L'unico altro ingrediente \u00e8 lo zucchero di canna grezzo, per un risultato che \u00e8 allo stesso tempo dolce ed energizzante.<\/p>\n<p>Da gustare, ad esempio, con un'infusione di cacao, per massimizzarne il piacere!<\/p>\n","protected":false},"excerpt":{"rendered":"<p>\u200bIl 65% di cacao proveniente dalla piantagione della famiglia Milz, abbinato a del caff\u00e8 artigianale locale. L'unico altro ingrediente \u00e8 lo zucchero di canna grezzo, per un risultato che \u00e8 allo stesso tempo dolce ed energizzante.<\/p>\n<p>Da gustare, ad esempio, con un'infusione di cacao, per massimizzarne il piacere!<\/p>\n","protected":false},"featured_media":5826,"template":"","meta":{"_acf_changed":false,"inline_featured_image":false},"product_brand":[],"product_cat":[775,160],"product_tag":[],"class_list":{"0":"post-6636","1":"product","2":"type-product","3":"status-publish","4":"has-post-thumbnail","6":"product_cat-repubblica-dominicana","7":"product_cat-caraibi","9":"first","10":"instock","11":"taxable","12":"shipping-taxable","13":"purchasable","14":"product-type-simple"},"bundled_by":[],"bundle_stock_status":"instock","bundle_stock_quantity":36,"bundle_virtual":false,"bundle_layout":"","bundle_add_to_cart_form_location":"","bundle_editable_in_cart":false,"bundle_sold_individually_context":"","bundle_item_grouping":"","bundle_min_size":"","bundle_max_size":"","bundle_price":[],"bundled_items":[],"bundle_sell_ids":[],"acf":{"ingredients":"\u200b\u200bFave di cacao (60% Repubblica Dominicana<span class=\"redactor-invisible-space\" data-verified=\"redactor\" data-redactor-tag=\"span\" data-redactor-class=\"redactor-invisible-space\">\u200b<\/span>), zucchero di canna, burro di cacao, caff\u00e8","energie":560,"graisse":40,"graisse_saturee":24,"glucides":44,"sucre":28,"fibre":"8","proteines":9,"sel":0},"_links":{"self":[{"href":"https:\/\/criolloquetzal.ch\/it\/wp-json\/wp\/v2\/product\/6636","targetHints":{"allow":["GET"]}}],"collection":[{"href":"https:\/\/criolloquetzal.ch\/it\/wp-json\/wp\/v2\/product"}],"about":[{"href":"https:\/\/criolloquetzal.ch\/it\/wp-json\/wp\/v2\/types\/product"}],"wp:featuredmedia":[{"embeddable":true,"href":"https:\/\/criolloquetzal.ch\/it\/wp-json\/wp\/v2\/media\/5826"}],"wp:attachment":[{"href":"https:\/\/criolloquetzal.ch\/it\/wp-json\/wp\/v2\/media?parent=6636"}],"wp:term":[{"taxonomy":"product_brand","embeddable":true,"href":"https:\/\/criolloquetzal.ch\/it\/wp-json\/wp\/v2\/product_brand?post=6636"},{"taxonomy":"product_cat","embeddable":true,"href":"https:\/\/criolloquetzal.ch\/it\/wp-json\/wp\/v2\/product_cat?post=6636"},{"taxonomy":"product_tag","embeddable":true,"href":"https:\/\/criolloquetzal.ch\/it\/wp-json\/wp\/v2\/product_tag?post=6636"}],"curies":[{"name":"wp","href":"https:\/\/api.w.org\/{rel}","templated":true}]}}