{"id":7040,"date":"2024-03-03T13:26:28","date_gmt":"2024-03-03T12:26:28","guid":{"rendered":"https:\/\/criolloquetzal.ch\/produit\/selection-chocolat-cafe\/"},"modified":"2024-04-01T21:26:44","modified_gmt":"2024-04-01T19:26:44","slug":"pack-cioccolato-fondente-al-caffe","status":"publish","type":"product","link":"https:\/\/criolloquetzal.ch\/it\/produit\/pack-cioccolato-fondente-al-caffe\/","title":{"rendered":"Pack cioccolato fondente al caff\u00e8"},"content":{"rendered":"<p>Innamoratevi di questo Giro del Mondo delle nostre cinque migliori tavolette di cioccolato al caff\u00e8: dai sapori dolci e leggeri del Brasile alla potenza del cacao Nacional e del caff\u00e8 ecuadoregno, passando per le note acidule dei territori ugandesi. I nostri esperti vi propongono anche un vero gioiello della Repubblica Dominicana: una tavoletta di cioccolato fondente al caff\u00e8... e al sale marino: irresistibile!<\/p>\n<p>Una selezione di cioccolato fondente per regalarsi, o regalare, un piacere e scoprire le incredibili e potenti fusioni tra cacao e caff\u00e8 d'eccezione, il tutto sublimato dalla maestria dei migliori maestri cioccolatieri.<\/p>\n<p>Questa esclusiva selezione \u00e8 composta dalle seguenti 5 tavolette:<\/p>\n<ul>\n<li><a href=\"https:\/\/criolloquetzal.ch\/it\/produit\/luzz-cacau-cioccolato-fondente-62-caffe-brasile\/\" target=\"_blank\" rel=\"noopener\">Luzz Cacau<\/a> - Cioccolato fondente 62% con caff\u00e8 - BRASILE - 75g<\/li>\n<li><a href=\"https:\/\/criolloquetzal.ch\/it\/produit\/mestico-cioccolato-fondente-62-con-caffe\/\" target=\"_blank\" rel=\"noopener\">Mesti\u00e7o<\/a> - Cioccolato fondente 62% con caff\u00e8 - BRASILE - 60g<\/li>\n<li><a href=\"https:\/\/criolloquetzal.ch\/it\/produit\/definite-cioccolato-fondente-65-finca-elvesia-caffe-sale-repubblica-dominicana\/\" target=\"_blank\" rel=\"noopener\">Definite<\/a> - Cioccolato fondente 65% Finca Elvesia con caff\u00e8 e sale marino - REP. DOM. - 60g<\/li>\n<li><a href=\"https:\/\/criolloquetzal.ch\/it\/produit\/latitude-cioccolato-fondente-70-caffe-bukonzo-uganda\/\" target=\"_blank\" rel=\"noopener\">Latitude<\/a> - Cioccolato fondente 70% con caff\u00e8 Bukonzo - UGANDA - 70g<\/li>\n<li><a href=\"https:\/\/criolloquetzal.ch\/it\/produit\/cardenas-cioccolato-fondente-72-tierra-hermosa-con-caffe-jipijapa\/\" target=\"_blank\" rel=\"noopener\">C\u00e1rdenas<\/a> - Cioccolato fondente 72% Tierra Hermosa con caff\u00e8 Jipijapa - ECUADOR - 50g<\/li>\n<\/ul>\n","protected":false},"excerpt":{"rendered":"<p>Innamoratevi di questo Giro del Mondo delle nostre cinque migliori tavolette di cioccolato al caff\u00e8: dai sapori dolci e leggeri del Brasile alla potenza del cacao Nacional e del caff\u00e8 ecuadoregno, passando per le note acidule dei territori ugandesi. I nostri esperti vi propongono anche un vero gioiello della Repubblica Dominicana: una tavoletta di cioccolato fondente al caff\u00e8... e al sale marino: irresistibile!<\/p>\n<p>Una selezione di cioccolato fondente per regalarsi, o regalare, un piacere e scoprire le incredibili e potenti fusioni tra cacao e caff\u00e8 d'eccezione, il tutto sublimato dalla maestria dei migliori maestri cioccolatieri.<\/p>\n<p>Questa esclusiva selezione \u00e8 composta dalle seguenti 5 tavolette:<\/p>\n<ul>\n<li><a href=\"https:\/\/criolloquetzal.ch\/it\/produit\/luzz-cacau-cioccolato-fondente-62-caffe-brasile\/\" target=\"_blank\" rel=\"noopener\">Luzz Cacau<\/a> - Cioccolato fondente 62% con caff\u00e8 - BRASILE - 75g<\/li>\n<li><a href=\"https:\/\/criolloquetzal.ch\/it\/produit\/mestico-cioccolato-fondente-62-con-caffe\/\" target=\"_blank\" rel=\"noopener\">Mesti\u00e7o<\/a> - Cioccolato fondente 62% con caff\u00e8 - BRASILE - 60g<\/li>\n<li><a href=\"https:\/\/criolloquetzal.ch\/it\/produit\/definite-cioccolato-fondente-65-finca-elvesia-caffe-sale-repubblica-dominicana\/\" target=\"_blank\" rel=\"noopener\">Definite<\/a> - Cioccolato fondente 65% Finca Elvesia con caff\u00e8 e sale marino - REP. DOM. - 60g<\/li>\n<li><a href=\"https:\/\/criolloquetzal.ch\/it\/produit\/latitude-cioccolato-fondente-70-caffe-bukonzo-uganda\/\" target=\"_blank\" rel=\"noopener\">Latitude<\/a> - Cioccolato fondente 70% con caff\u00e8 Bukonzo - UGANDA - 70g<\/li>\n<li><a href=\"https:\/\/criolloquetzal.ch\/it\/produit\/cardenas-cioccolato-fondente-72-tierra-hermosa-con-caffe-jipijapa\/\" target=\"_blank\" rel=\"noopener\">C\u00e1rdenas<\/a> - Cioccolato fondente 72% Tierra Hermosa con caff\u00e8 Jipijapa - ECUADOR - 50g<\/li>\n<\/ul>\n","protected":false},"featured_media":7231,"template":"","meta":{"_acf_changed":false,"inline_featured_image":false},"product_brand":[],"product_cat":[805],"product_tag":[],"class_list":{"0":"post-7040","1":"product","2":"type-product","3":"status-publish","4":"has-post-thumbnail","6":"product_cat-pack-it","8":"first","9":"instock","10":"virtual","11":"taxable","12":"purchasable","13":"product-type-bundle"},"bundled_by":[],"bundle_stock_status":"instock","bundle_stock_quantity":2,"bundle_virtual":false,"bundle_layout":"grid","bundle_add_to_cart_form_location":"default","bundle_editable_in_cart":false,"bundle_sold_individually_context":"product","bundle_item_grouping":"parent","bundle_min_size":"","bundle_max_size":"","bundle_price":{"price":{"min":{"incl_tax":"44","excl_tax":"42.88499"},"max":{"incl_tax":"44","excl_tax":"42.88499"}},"regular_price":{"min":{"incl_tax":"44","excl_tax":"42.88499"},"max":{"incl_tax":"44","excl_tax":"42.88499"}}},"bundled_items":[{"bundled_item_id":52,"product_id":4946,"menu_order":0,"quantity_min":1,"quantity_max":1,"quantity_default":1,"priced_individually":false,"shipped_individually":false,"override_title":false,"title":"Latitude - Cioccolato fondente 70% con caff\u00e8 Bukonzo - UGANDA","override_description":false,"description":"Latitude - Cioccolato fondente 70% con caff\u00e8 Bukonzo - UGANDA","optional":false,"hide_thumbnail":false,"discount":"","override_variations":false,"allowed_variations":[""],"override_default_variation_attributes":false,"default_variation_attributes":[],"single_product_visibility":"hidden","cart_visibility":"hidden","order_visibility":"hidden","single_product_price_visibility":"visible","cart_price_visibility":"visible","order_price_visibility":"visible","stock_status":"in_stock"},{"bundled_item_id":53,"product_id":5987,"menu_order":1,"quantity_min":1,"quantity_max":1,"quantity_default":1,"priced_individually":false,"shipped_individually":false,"override_title":false,"title":"Luzz Cacau - Cioccolato fondente 62% con caff\u00e8 - BRASILE","override_description":false,"description":"Luzz Cacau - Cioccolato fondente 62% con caff\u00e8 - BRASILE","optional":false,"hide_thumbnail":false,"discount":"","override_variations":false,"allowed_variations":[""],"override_default_variation_attributes":false,"default_variation_attributes":[],"single_product_visibility":"hidden","cart_visibility":"hidden","order_visibility":"hidden","single_product_price_visibility":"visible","cart_price_visibility":"visible","order_price_visibility":"visible","stock_status":"in_stock"},{"bundled_item_id":54,"product_id":2842,"menu_order":2,"quantity_min":1,"quantity_max":1,"quantity_default":1,"priced_individually":false,"shipped_individually":false,"override_title":false,"title":"C\u00e1rdenas - Cioccolato fondente 72% Tierra Hermosa con caff\u00e8 Jipijapa - ECUADOR","override_description":false,"description":"C\u00e1rdenas - Cioccolato fondente 72% Tierra Hermosa con caff\u00e8 Jipijapa - ECUADOR","optional":false,"hide_thumbnail":false,"discount":"","override_variations":false,"allowed_variations":[""],"override_default_variation_attributes":false,"default_variation_attributes":[],"single_product_visibility":"hidden","cart_visibility":"hidden","order_visibility":"hidden","single_product_price_visibility":"visible","cart_price_visibility":"visible","order_price_visibility":"visible","stock_status":"in_stock"},{"bundled_item_id":55,"product_id":3924,"menu_order":3,"quantity_min":1,"quantity_max":1,"quantity_default":1,"priced_individually":false,"shipped_individually":false,"override_title":false,"title":"Mesti\u00e7o - Cioccolato fondente 62% con caff\u00e8 - BRASILE","override_description":false,"description":"Mesti\u00e7o - Cioccolato fondente 62% con caff\u00e8 - BRASILE","optional":false,"hide_thumbnail":false,"discount":"","override_variations":false,"allowed_variations":[""],"override_default_variation_attributes":false,"default_variation_attributes":[],"single_product_visibility":"hidden","cart_visibility":"hidden","order_visibility":"hidden","single_product_price_visibility":"visible","cart_price_visibility":"visible","order_price_visibility":"visible","stock_status":"in_stock"},{"bundled_item_id":56,"product_id":5970,"menu_order":4,"quantity_min":1,"quantity_max":1,"quantity_default":1,"priced_individually":false,"shipped_individually":false,"override_title":false,"title":"Definite - Cioccolato fondente 65% Finca Elvesia con caff\u00e8 e sale marino - REPUBBLICA DOMINICANA","override_description":false,"description":"Definite - Cioccolato fondente 65% Finca Elvesia con caff\u00e8 e sale marino - REPUBBLICA DOMINICANA","optional":false,"hide_thumbnail":false,"discount":"","override_variations":false,"allowed_variations":[""],"override_default_variation_attributes":false,"default_variation_attributes":[],"single_product_visibility":"hidden","cart_visibility":"hidden","order_visibility":"hidden","single_product_price_visibility":"visible","cart_price_visibility":"visible","order_price_visibility":"visible","stock_status":"in_stock"}],"bundle_sell_ids":[],"acf":{"ingredients":"","energie":0,"graisse":0,"graisse_saturee":0,"glucides":0,"sucre":0,"fibre":"0","proteines":0,"sel":0},"_links":{"self":[{"href":"https:\/\/criolloquetzal.ch\/it\/wp-json\/wp\/v2\/product\/7040","targetHints":{"allow":["GET"]}}],"collection":[{"href":"https:\/\/criolloquetzal.ch\/it\/wp-json\/wp\/v2\/product"}],"about":[{"href":"https:\/\/criolloquetzal.ch\/it\/wp-json\/wp\/v2\/types\/product"}],"wp:featuredmedia":[{"embeddable":true,"href":"https:\/\/criolloquetzal.ch\/it\/wp-json\/wp\/v2\/media\/7231"}],"wp:attachment":[{"href":"https:\/\/criolloquetzal.ch\/it\/wp-json\/wp\/v2\/media?parent=7040"}],"wp:term":[{"taxonomy":"product_brand","embeddable":true,"href":"https:\/\/criolloquetzal.ch\/it\/wp-json\/wp\/v2\/product_brand?post=7040"},{"taxonomy":"product_cat","embeddable":true,"href":"https:\/\/criolloquetzal.ch\/it\/wp-json\/wp\/v2\/product_cat?post=7040"},{"taxonomy":"product_tag","embeddable":true,"href":"https:\/\/criolloquetzal.ch\/it\/wp-json\/wp\/v2\/product_tag?post=7040"}],"curies":[{"name":"wp","href":"https:\/\/api.w.org\/{rel}","templated":true}]}}