{"id":7043,"date":"2024-01-25T14:48:35","date_gmt":"2024-01-25T13:48:35","guid":{"rendered":"https:\/\/criolloquetzal.ch\/produit\/selection-chocolat-alcool\/"},"modified":"2024-04-01T21:26:52","modified_gmt":"2024-04-01T19:26:52","slug":"pack-cioccolato-fondente-allalcool","status":"publish","type":"product","link":"https:\/\/criolloquetzal.ch\/it\/produit\/pack-cioccolato-fondente-allalcool\/","title":{"rendered":"Pack cioccolato fondente all'alcool"},"content":{"rendered":"<p>Innamoratevi di questo Giro del Mondo delle nostre cinque migliori tavolette di cioccolato all'alcool: dalla caipirinha fruttata del Brasile alle note scure del rum delle Filippine, passando per il gusto intensamente affumicato del mezcal messicano, fino ai profumi legnosi del rum della Repubblica Dominicana.<\/p>\n<p>Una selezione di cioccolato fondente per regalarsi, o regalare, un piacere e scoprire le incredibili e potenti fusioni tra cacao e alcolici d'eccezione, il tutto sublimato dalla maestria dei migliori maestri cioccolatieri.<\/p>\n<p>Questa esclusiva selezione \u00e8 composta dalle seguenti 5 tavolette:<\/p>\n<ul>\n<li><a href=\"https:\/\/criolloquetzal.ch\/it\/produit\/baiani-cioccolato-fondente-65-con-caipirinha-e-scorza-di-lime\/\" target=\"_blank\" rel=\"noopener\">Baian\u00ed<\/a> - Cioccolato fondente 65% con Caipirinha e scorza di lime - BRASILE - 58g<\/li>\n<li><a href=\"https:\/\/criolloquetzal.ch\/it\/produit\/metiche-cioccolato-fondente-70-mezcal-messico\/\" target=\"_blank\" rel=\"noopener\">Metiche<\/a> - Chocolat noir 70% au mezcal - MEXIQUE - 70g<\/li>\n<li><a href=\"https:\/\/criolloquetzal.ch\/it\/produit\/auro-cioccolato-fondente-70-con-rum-don-papa\/\" target=\"_blank\" rel=\"noopener\">Auro<\/a> - Cioccolato fondente 70% con rum Don Papa - FILIPPINE - 60g<\/li>\n<li><a href=\"https:\/\/criolloquetzal.ch\/it\/produit\/mestico-cioccolato-fondente-72-cachaca-brasile\/\" target=\"_blank\" rel=\"noopener\">Mesti\u00e7o<\/a> - cioccolato fondente 72% con cacha\u00e7a - BRASILE - 60g<\/li>\n<li><a href=\"https:\/\/criolloquetzal.ch\/it\/produit\/definite-cioccolato-fondente-75-finca-elvesia-rum-repubblica-dominicana\/\" target=\"_blank\" rel=\"noopener\">Definite<\/a> - Cioccolato fondente 75% Finca Elvesia con rum - REP. DOM. - 60g<\/li>\n<\/ul>\n","protected":false},"excerpt":{"rendered":"<p>Innamoratevi di questo Giro del Mondo delle nostre cinque migliori tavolette di cioccolato all'alcool: dalla caipirinha fruttata del Brasile alle note scure del rum delle Filippine, passando per il gusto intensamente affumicato del mezcal messicano, fino ai profumi legnosi del rum della Repubblica Dominicana.<\/p>\n<p>Una selezione di cioccolato fondente per regalarsi, o regalare, un piacere e scoprire le incredibili e potenti fusioni tra cacao e alcolici d'eccezione, il tutto sublimato dalla maestria dei migliori maestri cioccolatieri.<\/p>\n<p>Questa esclusiva selezione \u00e8 composta dalle seguenti 5 tavolette:<\/p>\n<ul>\n<li><a href=\"https:\/\/criolloquetzal.ch\/it\/produit\/baiani-cioccolato-fondente-65-con-caipirinha-e-scorza-di-lime\/\" target=\"_blank\" rel=\"noopener\">Baian\u00ed<\/a> - Cioccolato fondente 65% con Caipirinha e scorza di lime - BRASILE - 58g<\/li>\n<li><a href=\"https:\/\/criolloquetzal.ch\/it\/produit\/metiche-cioccolato-fondente-70-mezcal-messico\/\" target=\"_blank\" rel=\"noopener\">Metiche<\/a> - Chocolat noir 70% au mezcal - MEXIQUE - 70g<\/li>\n<li><a href=\"https:\/\/criolloquetzal.ch\/it\/produit\/auro-cioccolato-fondente-70-con-rum-don-papa\/\" target=\"_blank\" rel=\"noopener\">Auro<\/a> - Cioccolato fondente 70% con rum Don Papa - FILIPPINE - 60g<\/li>\n<li><a href=\"https:\/\/criolloquetzal.ch\/it\/produit\/mestico-cioccolato-fondente-72-cachaca-brasile\/\" target=\"_blank\" rel=\"noopener\">Mesti\u00e7o<\/a> - cioccolato fondente 72% con cacha\u00e7a - BRASILE - 60g<\/li>\n<li><a href=\"https:\/\/criolloquetzal.ch\/it\/produit\/definite-cioccolato-fondente-75-finca-elvesia-rum-repubblica-dominicana\/\" target=\"_blank\" rel=\"noopener\">Definite<\/a> - Cioccolato fondente 75% Finca Elvesia con rum - REP. DOM. - 60g<\/li>\n<\/ul>\n","protected":false},"featured_media":7227,"template":"","meta":{"_acf_changed":false,"inline_featured_image":false},"product_brand":[],"product_cat":[805],"product_tag":[],"class_list":{"0":"post-7043","1":"product","2":"type-product","3":"status-publish","4":"has-post-thumbnail","6":"product_cat-pack-it","8":"first","9":"instock","10":"virtual","11":"taxable","12":"purchasable","13":"product-type-bundle"},"bundled_by":[],"bundle_stock_status":"insufficientstock","bundle_stock_quantity":0,"bundle_virtual":false,"bundle_layout":"grid","bundle_add_to_cart_form_location":"default","bundle_editable_in_cart":false,"bundle_sold_individually_context":"product","bundle_item_grouping":"parent","bundle_min_size":"","bundle_max_size":"","bundle_price":{"price":{"min":{"incl_tax":"45","excl_tax":"43.859649"},"max":{"incl_tax":"45","excl_tax":"43.859649"}},"regular_price":{"min":{"incl_tax":"45","excl_tax":"43.859649"},"max":{"incl_tax":"45","excl_tax":"43.859649"}}},"bundled_items":[{"bundled_item_id":67,"product_id":2910,"menu_order":0,"quantity_min":1,"quantity_max":1,"quantity_default":1,"priced_individually":false,"shipped_individually":false,"override_title":false,"title":"Auro - Cioccolato fondente 70% con rum Don Papa - FILIPPINE","override_description":false,"description":"Auro - Cioccolato fondente 70% con rum Don Papa - FILIPPINE","optional":false,"hide_thumbnail":false,"discount":"","override_variations":false,"allowed_variations":[""],"override_default_variation_attributes":false,"default_variation_attributes":[],"single_product_visibility":"hidden","cart_visibility":"hidden","order_visibility":"hidden","single_product_price_visibility":"visible","cart_price_visibility":"visible","order_price_visibility":"visible","stock_status":"in_stock"},{"bundled_item_id":68,"product_id":5976,"menu_order":1,"quantity_min":1,"quantity_max":1,"quantity_default":1,"priced_individually":false,"shipped_individually":false,"override_title":false,"title":"Definite - Cioccolato fondente 75% Finca Elvesia con rum - REPUBBLICA DOMINICANA","override_description":false,"description":"Definite - Cioccolato fondente 75% Finca Elvesia con rum - REPUBBLICA DOMINICANA","optional":false,"hide_thumbnail":false,"discount":"","override_variations":false,"allowed_variations":[""],"override_default_variation_attributes":false,"default_variation_attributes":[],"single_product_visibility":"hidden","cart_visibility":"hidden","order_visibility":"hidden","single_product_price_visibility":"visible","cart_price_visibility":"visible","order_price_visibility":"visible","stock_status":"in_stock"},{"bundled_item_id":69,"product_id":6408,"menu_order":2,"quantity_min":1,"quantity_max":1,"quantity_default":1,"priced_individually":false,"shipped_individually":false,"override_title":false,"title":"Metiche - Chocolat noir 70% au mezcal - MEXIQUE","override_description":false,"description":"Metiche - Chocolat noir 70% au mezcal - MEXIQUE","optional":false,"hide_thumbnail":false,"discount":"","override_variations":false,"allowed_variations":[""],"override_default_variation_attributes":false,"default_variation_attributes":[],"single_product_visibility":"hidden","cart_visibility":"hidden","order_visibility":"hidden","single_product_price_visibility":"visible","cart_price_visibility":"visible","order_price_visibility":"visible","stock_status":"in_stock"},{"bundled_item_id":70,"product_id":3661,"menu_order":3,"quantity_min":1,"quantity_max":1,"quantity_default":1,"priced_individually":false,"shipped_individually":false,"override_title":false,"title":"Baian\u00ed - Cioccolato fondente 65% con Caipirinha e scorza di lime - BRASILE","override_description":false,"description":"Baian\u00ed - Cioccolato fondente 65% con Caipirinha e scorza di lime - BRASILE","optional":false,"hide_thumbnail":false,"discount":"","override_variations":false,"allowed_variations":[""],"override_default_variation_attributes":false,"default_variation_attributes":[],"single_product_visibility":"hidden","cart_visibility":"hidden","order_visibility":"hidden","single_product_price_visibility":"visible","cart_price_visibility":"visible","order_price_visibility":"visible","stock_status":"in_stock"},{"bundled_item_id":71,"product_id":6394,"menu_order":4,"quantity_min":1,"quantity_max":1,"quantity_default":1,"priced_individually":false,"shipped_individually":false,"override_title":false,"title":"Mesti\u00e7o - cioccolato fondente 72% con cacha\u00e7a - BRASILE","override_description":false,"description":"Mesti\u00e7o - cioccolato fondente 72% con cacha\u00e7a - BRASILE","optional":false,"hide_thumbnail":false,"discount":"","override_variations":false,"allowed_variations":[""],"override_default_variation_attributes":false,"default_variation_attributes":[],"single_product_visibility":"hidden","cart_visibility":"hidden","order_visibility":"hidden","single_product_price_visibility":"visible","cart_price_visibility":"visible","order_price_visibility":"visible","stock_status":"out_of_stock"}],"bundle_sell_ids":[],"acf":{"ingredients":"","energie":0,"graisse":0,"graisse_saturee":0,"glucides":0,"sucre":0,"fibre":"0","proteines":0,"sel":0},"_links":{"self":[{"href":"https:\/\/criolloquetzal.ch\/it\/wp-json\/wp\/v2\/product\/7043","targetHints":{"allow":["GET"]}}],"collection":[{"href":"https:\/\/criolloquetzal.ch\/it\/wp-json\/wp\/v2\/product"}],"about":[{"href":"https:\/\/criolloquetzal.ch\/it\/wp-json\/wp\/v2\/types\/product"}],"wp:featuredmedia":[{"embeddable":true,"href":"https:\/\/criolloquetzal.ch\/it\/wp-json\/wp\/v2\/media\/7227"}],"wp:attachment":[{"href":"https:\/\/criolloquetzal.ch\/it\/wp-json\/wp\/v2\/media?parent=7043"}],"wp:term":[{"taxonomy":"product_brand","embeddable":true,"href":"https:\/\/criolloquetzal.ch\/it\/wp-json\/wp\/v2\/product_brand?post=7043"},{"taxonomy":"product_cat","embeddable":true,"href":"https:\/\/criolloquetzal.ch\/it\/wp-json\/wp\/v2\/product_cat?post=7043"},{"taxonomy":"product_tag","embeddable":true,"href":"https:\/\/criolloquetzal.ch\/it\/wp-json\/wp\/v2\/product_tag?post=7043"}],"curies":[{"name":"wp","href":"https:\/\/api.w.org\/{rel}","templated":true}]}}