{"id":7879,"date":"2024-06-22T13:02:28","date_gmt":"2024-06-22T11:02:28","guid":{"rendered":"https:\/\/criolloquetzal.ch\/produit\/kuyay-cioccolato-fondente-70-con-quinoa-peru\/"},"modified":"2026-04-16T03:50:06","modified_gmt":"2026-04-16T01:50:06","slug":"kuyay-cioccolato-fondente-70-con-quinoa-peru","status":"publish","type":"product","link":"https:\/\/criolloquetzal.ch\/it\/produit\/kuyay-cioccolato-fondente-70-con-quinoa-peru\/","title":{"rendered":"Kuyay - Cioccolato fondente 70% con quinoa - PER\u00d9"},"content":{"rendered":"<p>Un cioccolato dall'alto valore nutrizionale grazie alla quinoa e al cacao. Senti la croccantezza dei semi di quinoa in questo cioccolato con note di frutti rossi, agrumi e caramello.<\/p>\n<p>La quinoa \u00e8 un super alimento che viene coltivato nelle Ande da migliaia di anni. Non contiene glutine ed \u00e8 ricca di calcio, vitamine B ed E, fosforo, fibre e omega 6 e 9. \u00c8 un'ottima alternativa ai latticini. \u00c8 un'ottima alternativa ai latticini.<\/p>\n","protected":false},"excerpt":{"rendered":"<p>Un cioccolato dall'alto valore nutrizionale grazie alla quinoa e al cacao. Senti la croccantezza dei semi di quinoa in questo cioccolato con note di frutti rossi, agrumi e caramello. La quinoa \u00e8 un super alimento che viene coltivato nelle Ande da migliaia di anni. Non contiene glutine ed \u00e8 ricca di calcio, vitamine B ed E, fosforo, fibre e omega 6 e 9. \u00c8 un'ottima alternativa ai latticini. \u00c8 un'ottima alternativa ai latticini.<\/p>\n","protected":false},"featured_media":7397,"template":"","meta":{"_acf_changed":false,"inline_featured_image":false},"product_brand":[],"product_cat":[854,135],"product_tag":[],"class_list":{"0":"post-7879","1":"product","2":"type-product","3":"status-publish","4":"has-post-thumbnail","6":"product_cat-peru-it","7":"product_cat-sud-america","9":"first","10":"outofstock","11":"taxable","12":"shipping-taxable","13":"purchasable","14":"product-type-simple"},"bundled_by":[],"bundle_stock_status":"outofstock","bundle_stock_quantity":0,"bundle_virtual":false,"bundle_layout":"","bundle_add_to_cart_form_location":"","bundle_editable_in_cart":false,"bundle_sold_individually_context":"","bundle_item_grouping":"","bundle_min_size":"","bundle_max_size":"","bundle_price":[],"bundled_items":[],"bundle_sell_ids":[],"acf":{"ingredients":"Pasta di cacao (70% Per\u00f9), quinoa soffiata, zucchero di canna, burro di cacao","energie":526,"graisse":31,"graisse_saturee":18,"glucides":43,"sucre":26,"fibre":"3","proteines":7,"sel":0},"_links":{"self":[{"href":"https:\/\/criolloquetzal.ch\/it\/wp-json\/wp\/v2\/product\/7879","targetHints":{"allow":["GET"]}}],"collection":[{"href":"https:\/\/criolloquetzal.ch\/it\/wp-json\/wp\/v2\/product"}],"about":[{"href":"https:\/\/criolloquetzal.ch\/it\/wp-json\/wp\/v2\/types\/product"}],"wp:featuredmedia":[{"embeddable":true,"href":"https:\/\/criolloquetzal.ch\/it\/wp-json\/wp\/v2\/media\/7397"}],"wp:attachment":[{"href":"https:\/\/criolloquetzal.ch\/it\/wp-json\/wp\/v2\/media?parent=7879"}],"wp:term":[{"taxonomy":"product_brand","embeddable":true,"href":"https:\/\/criolloquetzal.ch\/it\/wp-json\/wp\/v2\/product_brand?post=7879"},{"taxonomy":"product_cat","embeddable":true,"href":"https:\/\/criolloquetzal.ch\/it\/wp-json\/wp\/v2\/product_cat?post=7879"},{"taxonomy":"product_tag","embeddable":true,"href":"https:\/\/criolloquetzal.ch\/it\/wp-json\/wp\/v2\/product_tag?post=7879"}],"curies":[{"name":"wp","href":"https:\/\/api.w.org\/{rel}","templated":true}]}}