{"id":7930,"date":"2025-02-16T18:09:02","date_gmt":"2025-02-16T17:09:02","guid":{"rendered":"https:\/\/criolloquetzal.ch\/produit\/belu-cioccolato-fondente-100-salvador\/"},"modified":"2026-04-15T18:59:34","modified_gmt":"2026-04-15T16:59:34","slug":"belu-cioccolato-fondente-100-el-salvador","status":"publish","type":"product","link":"https:\/\/criolloquetzal.ch\/it\/produit\/belu-cioccolato-fondente-100-el-salvador\/","title":{"rendered":"Bel\u00fa - Cioccolato fondente 100% - EL SALVADOR"},"content":{"rendered":"<p>La tavoletta di cioccolato fondente al 100% di Belu offre un sapore ricco e intenso con note di nocciola e un delicato tocco di cremosit\u00e0.<\/p>\n<p>Questo profilo sofisticato \u00e8 perfetto per gli amanti dei sapori profondi e robusti del cioccolato.<\/p>\n","protected":false},"excerpt":{"rendered":"<p>La tavoletta di cioccolato fondente Bel\u00fa 100% offre un sapore ricco e intenso con note di nocciola e un delicato tocco di cremosit\u00e0. Questo profilo sofisticato \u00e8 perfetto per gli amanti dei sapori profondi e robusti del cioccolato.<\/p>\n","protected":false},"featured_media":7911,"template":"","meta":{"_acf_changed":false,"inline_featured_image":false},"product_brand":[],"product_cat":[865,98],"product_tag":[],"class_list":{"0":"post-7930","1":"product","2":"type-product","3":"status-publish","4":"has-post-thumbnail","6":"product_cat-el-salvador-it","7":"product_cat-america-centrale","9":"first","10":"instock","11":"taxable","12":"shipping-taxable","13":"purchasable","14":"product-type-simple"},"bundled_by":[],"bundle_stock_status":"instock","bundle_stock_quantity":45,"bundle_virtual":false,"bundle_layout":"","bundle_add_to_cart_form_location":"","bundle_editable_in_cart":false,"bundle_sold_individually_context":"","bundle_item_grouping":"","bundle_min_size":"","bundle_max_size":"","bundle_price":[],"bundled_items":[],"bundle_sell_ids":[],"acf":{"ingredients":"Fave di cacao (100% Salvador)","energie":650,"graisse":51,"graisse_saturee":31,"glucides":37,"sucre":0,"fibre":"0","proteines":14,"sel":0},"_links":{"self":[{"href":"https:\/\/criolloquetzal.ch\/it\/wp-json\/wp\/v2\/product\/7930","targetHints":{"allow":["GET"]}}],"collection":[{"href":"https:\/\/criolloquetzal.ch\/it\/wp-json\/wp\/v2\/product"}],"about":[{"href":"https:\/\/criolloquetzal.ch\/it\/wp-json\/wp\/v2\/types\/product"}],"wp:featuredmedia":[{"embeddable":true,"href":"https:\/\/criolloquetzal.ch\/it\/wp-json\/wp\/v2\/media\/7911"}],"wp:attachment":[{"href":"https:\/\/criolloquetzal.ch\/it\/wp-json\/wp\/v2\/media?parent=7930"}],"wp:term":[{"taxonomy":"product_brand","embeddable":true,"href":"https:\/\/criolloquetzal.ch\/it\/wp-json\/wp\/v2\/product_brand?post=7930"},{"taxonomy":"product_cat","embeddable":true,"href":"https:\/\/criolloquetzal.ch\/it\/wp-json\/wp\/v2\/product_cat?post=7930"},{"taxonomy":"product_tag","embeddable":true,"href":"https:\/\/criolloquetzal.ch\/it\/wp-json\/wp\/v2\/product_tag?post=7930"}],"curies":[{"name":"wp","href":"https:\/\/api.w.org\/{rel}","templated":true}]}}