{"id":7934,"date":"2025-02-16T18:28:59","date_gmt":"2025-02-16T17:28:59","guid":{"rendered":"https:\/\/criolloquetzal.ch\/produit\/cioccolato-fondente-belu-70-caffe-el-salvador\/"},"modified":"2026-04-14T05:26:23","modified_gmt":"2026-04-14T03:26:23","slug":"cioccolato-fondente-belu-70-caffe-el-salvador","status":"publish","type":"product","link":"https:\/\/criolloquetzal.ch\/it\/produit\/cioccolato-fondente-belu-70-caffe-el-salvador\/","title":{"rendered":"Bel\u00fa - Cioccolato fondente 70% con caff\u00e8 - EL SALVADOR"},"content":{"rendered":"<p>Questa pluripremiata tavoletta \u00e8 stata progettata per gli amanti dell'espresso. Elsalvadorcoffee fornisce a Bel\u00fa il suo caff\u00e8 di Ahuachap\u00e1n, El Salvador, vincitore della Illy Cup.<\/p>\n<p>La miscela di cioccolato fondente 70% e caff\u00e8 di Bel\u00fa inizia con un sapore sottile che si intensifica gradualmente man mano che si scioglie in bocca.<\/p>\n","protected":false},"excerpt":{"rendered":"<p>Questa pluripremiata tavoletta \u00e8 stata progettata per gli amanti dell'espresso. Elsalvadorcoffee fornisce a Bel\u00fa il suo caff\u00e8 di Ahuachap\u00e1n, El Salvador, vincitore della Illy Cup. La miscela di cioccolato fondente 70% e caff\u00e8 di Bel\u00fa inizia con un sapore sottile che si intensifica gradualmente man mano che si scioglie in bocca.<\/p>\n","protected":false},"featured_media":7903,"template":"","meta":{"_acf_changed":false,"inline_featured_image":false},"product_brand":[],"product_cat":[865,98],"product_tag":[],"class_list":{"0":"post-7934","1":"product","2":"type-product","3":"status-publish","4":"has-post-thumbnail","6":"product_cat-el-salvador-it","7":"product_cat-america-centrale","9":"first","10":"instock","11":"taxable","12":"shipping-taxable","13":"purchasable","14":"product-type-simple"},"bundled_by":[],"bundle_stock_status":"instock","bundle_stock_quantity":50,"bundle_virtual":false,"bundle_layout":"","bundle_add_to_cart_form_location":"","bundle_editable_in_cart":false,"bundle_sold_individually_context":"","bundle_item_grouping":"","bundle_min_size":"","bundle_max_size":"","bundle_price":[],"bundled_items":[],"bundle_sell_ids":[],"acf":{"ingredients":"Fave di cacao (70% Salvador), zucchero di canna, chicchi di caff\u00e8","energie":600,"graisse":41,"graisse_saturee":25,"glucides":53,"sucre":29,"fibre":"0","proteines":9,"sel":0},"_links":{"self":[{"href":"https:\/\/criolloquetzal.ch\/it\/wp-json\/wp\/v2\/product\/7934","targetHints":{"allow":["GET"]}}],"collection":[{"href":"https:\/\/criolloquetzal.ch\/it\/wp-json\/wp\/v2\/product"}],"about":[{"href":"https:\/\/criolloquetzal.ch\/it\/wp-json\/wp\/v2\/types\/product"}],"wp:featuredmedia":[{"embeddable":true,"href":"https:\/\/criolloquetzal.ch\/it\/wp-json\/wp\/v2\/media\/7903"}],"wp:attachment":[{"href":"https:\/\/criolloquetzal.ch\/it\/wp-json\/wp\/v2\/media?parent=7934"}],"wp:term":[{"taxonomy":"product_brand","embeddable":true,"href":"https:\/\/criolloquetzal.ch\/it\/wp-json\/wp\/v2\/product_brand?post=7934"},{"taxonomy":"product_cat","embeddable":true,"href":"https:\/\/criolloquetzal.ch\/it\/wp-json\/wp\/v2\/product_cat?post=7934"},{"taxonomy":"product_tag","embeddable":true,"href":"https:\/\/criolloquetzal.ch\/it\/wp-json\/wp\/v2\/product_tag?post=7934"}],"curies":[{"name":"wp","href":"https:\/\/api.w.org\/{rel}","templated":true}]}}