{"id":8293,"date":"2025-03-23T09:50:53","date_gmt":"2025-03-23T08:50:53","guid":{"rendered":"https:\/\/criolloquetzal.ch\/produit\/luisa-abram-cioccolato-fondente-selvatico-70-con-jambu-brasile\/"},"modified":"2026-04-29T13:25:51","modified_gmt":"2026-04-29T11:25:51","slug":"luisa-abram-cioccolato-fondente-selvatico-70-jambu-brasile","status":"publish","type":"product","link":"https:\/\/criolloquetzal.ch\/it\/produit\/luisa-abram-cioccolato-fondente-selvatico-70-jambu-brasile\/","title":{"rendered":"Luisa Abram - Cioccolato fondente selvatico 70% con Jambu - BRASILE"},"content":{"rendered":"<p>Questa tavoletta di Luisa Abram \u00e8 un omaggio a un cibo tradizionale amazzonico chiamato jambu. Il jambu \u00e8 un'erba nota per i suoi effetti anestetici e pizzicanti sul palato. Questa particolare sensazione, accompagnata da una maggiore salivazione e da un aumento dell'appetito, rende l'esperienza gustativa davvero notevole. Per apprezzarne appieno gli effetti, ti consigliamo di assaggiarne due o pi\u00f9 pezzi. Per un'esperienza ancora pi\u00f9 straordinaria, gustalo con un bicchiere di acqua fredda per aumentare la sensazione di pizzicore.<\/p>\n<p>Il fiore di jambu \u00e8 abbinato a cioccolato fondente 70% Luisa Abram, che presenta deliziose note agrumate. Scopri questa placca unica, ricca di aromi e sapori complessi.<\/p>\n","protected":false},"excerpt":{"rendered":"<p>Questa tavoletta di Luisa Abram \u00e8 un omaggio a un cibo tradizionale amazzonico chiamato jambu. Il jambu \u00e8 un'erba nota per i suoi effetti anestetici e pizzicanti sul palato. Questa particolare sensazione, accompagnata da una maggiore salivazione e da un aumento dell'appetito, rende l'esperienza gustativa davvero notevole. Per apprezzarne appieno gli effetti, ti consigliamo di assaggiarne due o pi\u00f9 pezzi. Per un'esperienza ancora pi\u00f9 straordinaria, gustalo con un bicchiere di acqua fredda per aumentare la sensazione di pizzicore. Il fiore di jambu \u00e8 abbinato a cioccolato fondente 70% Luisa Abram, che presenta deliziose note agrumate. Scopri questa placca unica, ricca di aromi e sapori complessi.<\/p>\n","protected":false},"featured_media":8091,"template":"","meta":{"_acf_changed":false,"inline_featured_image":false},"product_brand":[],"product_cat":[136,135],"product_tag":[],"class_list":{"0":"post-8293","1":"product","2":"type-product","3":"status-publish","4":"has-post-thumbnail","6":"product_cat-brasile","7":"product_cat-sud-america","9":"first","10":"instock","11":"taxable","12":"shipping-taxable","13":"purchasable","14":"product-type-simple"},"bundled_by":[],"bundle_stock_status":"instock","bundle_stock_quantity":22,"bundle_virtual":false,"bundle_layout":"","bundle_add_to_cart_form_location":"","bundle_editable_in_cart":false,"bundle_sold_individually_context":"","bundle_item_grouping":"","bundle_min_size":"","bundle_max_size":"","bundle_price":[],"bundled_items":[],"bundle_sell_ids":[],"acf":{"ingredients":"Pasta di cacao (70% Brasile), zucchero di canna, burro di cacao, fiore di Jambu","energie":535,"graisse":39,"graisse_saturee":25,"glucides":36,"sucre":29,"fibre":"11","proteines":9,"sel":0},"_links":{"self":[{"href":"https:\/\/criolloquetzal.ch\/it\/wp-json\/wp\/v2\/product\/8293","targetHints":{"allow":["GET"]}}],"collection":[{"href":"https:\/\/criolloquetzal.ch\/it\/wp-json\/wp\/v2\/product"}],"about":[{"href":"https:\/\/criolloquetzal.ch\/it\/wp-json\/wp\/v2\/types\/product"}],"wp:featuredmedia":[{"embeddable":true,"href":"https:\/\/criolloquetzal.ch\/it\/wp-json\/wp\/v2\/media\/8091"}],"wp:attachment":[{"href":"https:\/\/criolloquetzal.ch\/it\/wp-json\/wp\/v2\/media?parent=8293"}],"wp:term":[{"taxonomy":"product_brand","embeddable":true,"href":"https:\/\/criolloquetzal.ch\/it\/wp-json\/wp\/v2\/product_brand?post=8293"},{"taxonomy":"product_cat","embeddable":true,"href":"https:\/\/criolloquetzal.ch\/it\/wp-json\/wp\/v2\/product_cat?post=8293"},{"taxonomy":"product_tag","embeddable":true,"href":"https:\/\/criolloquetzal.ch\/it\/wp-json\/wp\/v2\/product_tag?post=8293"}],"curies":[{"name":"wp","href":"https:\/\/api.w.org\/{rel}","templated":true}]}}