{"id":8300,"date":"2025-02-22T12:26:36","date_gmt":"2025-02-22T11:26:36","guid":{"rendered":"https:\/\/criolloquetzal.ch\/produit\/xocolatisimo-cioccolato-fondente-70-con-caffe-salvador\/"},"modified":"2026-04-23T04:57:30","modified_gmt":"2026-04-23T02:57:30","slug":"xocolatisimo-cioccolato-fondente-70-caffe-el-salvador","status":"publish","type":"product","link":"https:\/\/criolloquetzal.ch\/it\/produit\/xocolatisimo-cioccolato-fondente-70-caffe-el-salvador\/","title":{"rendered":"Xocolatisimo - Cioccolato fondente 70% con caff\u00e8 - EL SALVADOR"},"content":{"rendered":"<p>Prova il cioccolato fondente 70% al caff\u00e8 di Xocolat\u00edsimo. Questo cioccolato \u00e8 una miscela esplosiva di delizioso cacao trinitario, con note agrumate e floreali che si fondono perfettamente con il sapore del caff\u00e8 salvadoregno.<\/p>\n<p>Il gusto favoloso di questa tavoletta ti porter\u00e0 in un viaggio nella foresta pluviale dell'America centrale.<\/p>\n","protected":false},"excerpt":{"rendered":"<p>Prova il cioccolato fondente 70% al caff\u00e8 di Xocolat\u00edsimo. Questo cioccolato \u00e8 una miscela esplosiva di delizioso cacao trinitario con note agrumate e floreali che si fondono perfettamente con il sapore del caff\u00e8 salvadoregno. Il gusto favoloso di questa tavoletta ti porter\u00e0 in un viaggio nella foresta pluviale dell'America centrale.<\/p>\n","protected":false},"featured_media":8016,"template":"","meta":{"_acf_changed":false,"inline_featured_image":false},"product_brand":[],"product_cat":[865,98],"product_tag":[],"class_list":{"0":"post-8300","1":"product","2":"type-product","3":"status-publish","4":"has-post-thumbnail","6":"product_cat-el-salvador-it","7":"product_cat-america-centrale","9":"first","10":"instock","11":"taxable","12":"shipping-taxable","13":"purchasable","14":"product-type-simple"},"bundled_by":[],"bundle_stock_status":"instock","bundle_stock_quantity":46,"bundle_virtual":false,"bundle_layout":"","bundle_add_to_cart_form_location":"","bundle_editable_in_cart":false,"bundle_sold_individually_context":"","bundle_item_grouping":"","bundle_min_size":"","bundle_max_size":"","bundle_price":[],"bundled_items":[],"bundle_sell_ids":[],"acf":{"ingredients":"Fave di cacao (66% Salvador), zucchero di canna, burro di cacao, caff\u00e8 in grani","energie":613,"graisse":43,"graisse_saturee":18,"glucides":48,"sucre":30,"fibre":"0","proteines":7,"sel":0},"_links":{"self":[{"href":"https:\/\/criolloquetzal.ch\/it\/wp-json\/wp\/v2\/product\/8300","targetHints":{"allow":["GET"]}}],"collection":[{"href":"https:\/\/criolloquetzal.ch\/it\/wp-json\/wp\/v2\/product"}],"about":[{"href":"https:\/\/criolloquetzal.ch\/it\/wp-json\/wp\/v2\/types\/product"}],"wp:featuredmedia":[{"embeddable":true,"href":"https:\/\/criolloquetzal.ch\/it\/wp-json\/wp\/v2\/media\/8016"}],"wp:attachment":[{"href":"https:\/\/criolloquetzal.ch\/it\/wp-json\/wp\/v2\/media?parent=8300"}],"wp:term":[{"taxonomy":"product_brand","embeddable":true,"href":"https:\/\/criolloquetzal.ch\/it\/wp-json\/wp\/v2\/product_brand?post=8300"},{"taxonomy":"product_cat","embeddable":true,"href":"https:\/\/criolloquetzal.ch\/it\/wp-json\/wp\/v2\/product_cat?post=8300"},{"taxonomy":"product_tag","embeddable":true,"href":"https:\/\/criolloquetzal.ch\/it\/wp-json\/wp\/v2\/product_tag?post=8300"}],"curies":[{"name":"wp","href":"https:\/\/api.w.org\/{rel}","templated":true}]}}