{"id":8458,"date":"2025-03-23T12:29:01","date_gmt":"2025-03-23T11:29:01","guid":{"rendered":"https:\/\/criolloquetzal.ch\/produit\/tibito-cioccolato-fondente-65-al-lime-rangpur-colombia\/"},"modified":"2026-04-14T05:26:20","modified_gmt":"2026-04-14T03:26:20","slug":"tibito-cioccolato-fondente-65-lime-rangpur-colombia","status":"publish","type":"product","link":"https:\/\/criolloquetzal.ch\/it\/produit\/tibito-cioccolato-fondente-65-lime-rangpur-colombia\/","title":{"rendered":"Tibit\u00f3 - Cioccolato fondente 65% al lime rangpur - COLOMBIA"},"content":{"rendered":"<p>Una delle ultime creazioni di Tibit\u00f3, questo cioccolato fondente 65% al lime rangpur di Viot\u00e1 (Cundinamarca) offre un bell'equilibrio di consistenze e sapori aciduli e freschi.<\/p>\n<p>Il cacao viene infuso a temperatura controllata con le scorze di questo mandarino, poi mescolato con burro di cacao e zucchero di canna. Infine, pezzi di scorza di mandarino vengono aggiunti al cioccolato per dare un po' di croccantezza.<\/p>\n","protected":false},"excerpt":{"rendered":"<p>Una delle ultime creazioni di Tibit\u00f3, questo cioccolato fondente 65% al lime rangpur di Viot\u00e1 (Cundinamarca) offre un bell'equilibrio di consistenze e sapori aciduli e freschi. Il cacao viene infuso a temperatura controllata con le scorze di questo mandarino, poi mescolato con burro di cacao e zucchero di canna. Infine, pezzi di scorza di mandarino vengono aggiunti al cioccolato per dare un po' di croccantezza.<\/p>\n","protected":false},"featured_media":8139,"template":"","meta":{"_acf_changed":false,"inline_featured_image":false},"product_brand":[],"product_cat":[788,135],"product_tag":[],"class_list":{"0":"post-8458","1":"product","2":"type-product","3":"status-publish","4":"has-post-thumbnail","6":"product_cat-colombia-it","7":"product_cat-sud-america","9":"first","10":"outofstock","11":"taxable","12":"shipping-taxable","13":"purchasable","14":"product-type-simple"},"bundled_by":[],"bundle_stock_status":"outofstock","bundle_stock_quantity":0,"bundle_virtual":false,"bundle_layout":"","bundle_add_to_cart_form_location":"","bundle_editable_in_cart":false,"bundle_sold_individually_context":"","bundle_item_grouping":"","bundle_min_size":"","bundle_max_size":"","bundle_price":[],"bundled_items":[],"bundle_sell_ids":[],"acf":{"ingredients":"Pasta di cacao (65% Colombia), zucchero, scorza di lime rangpur<span class=\"redactor-invisible-space\" data-verified=\"redactor\" data-redactor-tag=\"span\" data-redactor-class=\"redactor-invisible-space\">, lecitina di girasole<\/span>","energie":565,"graisse":42,"graisse_saturee":27,"glucides":45,"sucre":26,"fibre":"8","proteines":6,"sel":0},"_links":{"self":[{"href":"https:\/\/criolloquetzal.ch\/it\/wp-json\/wp\/v2\/product\/8458","targetHints":{"allow":["GET"]}}],"collection":[{"href":"https:\/\/criolloquetzal.ch\/it\/wp-json\/wp\/v2\/product"}],"about":[{"href":"https:\/\/criolloquetzal.ch\/it\/wp-json\/wp\/v2\/types\/product"}],"wp:featuredmedia":[{"embeddable":true,"href":"https:\/\/criolloquetzal.ch\/it\/wp-json\/wp\/v2\/media\/8139"}],"wp:attachment":[{"href":"https:\/\/criolloquetzal.ch\/it\/wp-json\/wp\/v2\/media?parent=8458"}],"wp:term":[{"taxonomy":"product_brand","embeddable":true,"href":"https:\/\/criolloquetzal.ch\/it\/wp-json\/wp\/v2\/product_brand?post=8458"},{"taxonomy":"product_cat","embeddable":true,"href":"https:\/\/criolloquetzal.ch\/it\/wp-json\/wp\/v2\/product_cat?post=8458"},{"taxonomy":"product_tag","embeddable":true,"href":"https:\/\/criolloquetzal.ch\/it\/wp-json\/wp\/v2\/product_tag?post=8458"}],"curies":[{"name":"wp","href":"https:\/\/api.w.org\/{rel}","templated":true}]}}