{"id":8464,"date":"2025-03-23T12:51:12","date_gmt":"2025-03-23T11:51:12","guid":{"rendered":"https:\/\/criolloquetzal.ch\/produit\/tibito-cioccolato-fondente-70-al-caffe-colombia\/"},"modified":"2026-04-14T05:26:20","modified_gmt":"2026-04-14T03:26:20","slug":"tibito-cioccolato-fondente-70-caffe-colombia","status":"publish","type":"product","link":"https:\/\/criolloquetzal.ch\/it\/produit\/tibito-cioccolato-fondente-70-caffe-colombia\/","title":{"rendered":"Tibit\u00f3 - Cioccolato fondente 70% al caff\u00e8 - COLOMBIA"},"content":{"rendered":"<p>In quanto cioccolatiere colombiano, Tibit\u00f3 non poteva non creare una tavoletta al caff\u00e8 colombiano!<\/p>\n<p>Questo cioccolato fondente 70%, infuso con caff\u00e8 Castillo Honey appena macinato, \u00e8 poi mescolato con chicchi di caff\u00e8 tritati. Presenta un profilo di sapore intenso e un corpo setoso.<\/p>\n","protected":false},"excerpt":{"rendered":"<p>In quanto cioccolatiere colombiano, Tibit\u00f3 non poteva non creare una tavoletta al caff\u00e8 colombiano! Questo cioccolato fondente 70%, infuso con caff\u00e8 Castillo Honey appena macinato, \u00e8 poi mescolato con chicchi di caff\u00e8 tritati. Presenta un profilo di sapore intenso e un corpo setoso.<\/p>\n","protected":false},"featured_media":8131,"template":"","meta":{"_acf_changed":false,"inline_featured_image":false},"product_brand":[],"product_cat":[788,135],"product_tag":[],"class_list":{"0":"post-8464","1":"product","2":"type-product","3":"status-publish","4":"has-post-thumbnail","6":"product_cat-colombia-it","7":"product_cat-sud-america","9":"first","10":"instock","11":"taxable","12":"shipping-taxable","13":"purchasable","14":"product-type-simple"},"bundled_by":[],"bundle_stock_status":"instock","bundle_stock_quantity":40,"bundle_virtual":false,"bundle_layout":"","bundle_add_to_cart_form_location":"","bundle_editable_in_cart":false,"bundle_sold_individually_context":"","bundle_item_grouping":"","bundle_min_size":"","bundle_max_size":"","bundle_price":[],"bundled_items":[],"bundle_sell_ids":[],"acf":{"ingredients":"\u200bPasta di cacao (70% Colombia), zucchero, caff\u00e8, lecitina di girasole","energie":593,"graisse":43,"graisse_saturee":28,"glucides":47,"sucre":35,"fibre":"5","proteines":7,"sel":0},"_links":{"self":[{"href":"https:\/\/criolloquetzal.ch\/it\/wp-json\/wp\/v2\/product\/8464","targetHints":{"allow":["GET"]}}],"collection":[{"href":"https:\/\/criolloquetzal.ch\/it\/wp-json\/wp\/v2\/product"}],"about":[{"href":"https:\/\/criolloquetzal.ch\/it\/wp-json\/wp\/v2\/types\/product"}],"wp:featuredmedia":[{"embeddable":true,"href":"https:\/\/criolloquetzal.ch\/it\/wp-json\/wp\/v2\/media\/8131"}],"wp:attachment":[{"href":"https:\/\/criolloquetzal.ch\/it\/wp-json\/wp\/v2\/media?parent=8464"}],"wp:term":[{"taxonomy":"product_brand","embeddable":true,"href":"https:\/\/criolloquetzal.ch\/it\/wp-json\/wp\/v2\/product_brand?post=8464"},{"taxonomy":"product_cat","embeddable":true,"href":"https:\/\/criolloquetzal.ch\/it\/wp-json\/wp\/v2\/product_cat?post=8464"},{"taxonomy":"product_tag","embeddable":true,"href":"https:\/\/criolloquetzal.ch\/it\/wp-json\/wp\/v2\/product_tag?post=8464"}],"curies":[{"name":"wp","href":"https:\/\/api.w.org\/{rel}","templated":true}]}}