{"id":8476,"date":"2025-03-23T17:05:48","date_gmt":"2025-03-23T16:05:48","guid":{"rendered":"https:\/\/criolloquetzal.ch\/produit\/kuna-cioccolato-fondente-71-con-pezzi-di-chicchi-di-caffe-ecuador\/"},"modified":"2026-04-23T04:57:28","modified_gmt":"2026-04-23T02:57:28","slug":"kuna-cioccolato-fondente-71-caffe-ecuador","status":"publish","type":"product","link":"https:\/\/criolloquetzal.ch\/it\/produit\/kuna-cioccolato-fondente-71-caffe-ecuador\/","title":{"rendered":"Kun\u00e1 - Cioccolato fondente 71% con pezzi di chicchi di caff\u00e8 - ECUADOR"},"content":{"rendered":"<p>Una combinazione cos\u00ec perfetta non ha bisogno di essere descritta! Lasciate libera la vostra immaginazione con questo cioccolato biologico fondente 71% di Kun\u00e1 cosparso di pezzi di chicchi di caff\u00e8 croccanti, un mix da gustare in ogni momento.<\/p>\n<p>Realizzato in un laboratorio artigianale garantito al 100% senza allergeni (latte, glutine, frutta a guscio, soia, uova, arachidi, sesamo, cocco), \u00e8 uno dei rari cioccolati sul mercato che pu\u00f2 essere gustato serenamente dalle persone allergiche.<\/p>\n<p>Confezionato in un cartone prodotto da scarti vegetali e in una pellicola compostabile, ha inoltre un impatto minimo sull'ambiente.<\/p>\n","protected":false},"excerpt":{"rendered":"<p>Una combinazione cos\u00ec perfetta non ha bisogno di essere descritta! Lasciate libera la vostra immaginazione con questo cioccolato biologico fondente 71% di Kun\u00e1 cosparso di pezzi di chicchi di caff\u00e8 croccanti, un mix da gustare in ogni momento.<\/p>\n","protected":false},"featured_media":8187,"template":"","meta":{"_acf_changed":false,"inline_featured_image":false},"product_brand":[],"product_cat":[140,135],"product_tag":[],"class_list":{"0":"post-8476","1":"product","2":"type-product","3":"status-publish","4":"has-post-thumbnail","6":"product_cat-ecuador-it","7":"product_cat-sud-america","9":"first","10":"instock","11":"taxable","12":"shipping-taxable","13":"purchasable","14":"product-type-simple"},"bundled_by":[],"bundle_stock_status":"instock","bundle_stock_quantity":14,"bundle_virtual":false,"bundle_layout":"","bundle_add_to_cart_form_location":"","bundle_editable_in_cart":false,"bundle_sold_individually_context":"","bundle_item_grouping":"","bundle_min_size":"","bundle_max_size":"","bundle_price":[],"bundled_items":[],"bundle_sell_ids":[],"acf":{"ingredients":"\u200b\u200bPasta di cacao (68% Ecuador), zucchero di canna, burro di cacao, chicchi di caff\u00e8","energie":600,"graisse":43,"graisse_saturee":27,"glucides":43,"sucre":30,"fibre":"0","proteines":7,"sel":0},"_links":{"self":[{"href":"https:\/\/criolloquetzal.ch\/it\/wp-json\/wp\/v2\/product\/8476","targetHints":{"allow":["GET"]}}],"collection":[{"href":"https:\/\/criolloquetzal.ch\/it\/wp-json\/wp\/v2\/product"}],"about":[{"href":"https:\/\/criolloquetzal.ch\/it\/wp-json\/wp\/v2\/types\/product"}],"wp:featuredmedia":[{"embeddable":true,"href":"https:\/\/criolloquetzal.ch\/it\/wp-json\/wp\/v2\/media\/8187"}],"wp:attachment":[{"href":"https:\/\/criolloquetzal.ch\/it\/wp-json\/wp\/v2\/media?parent=8476"}],"wp:term":[{"taxonomy":"product_brand","embeddable":true,"href":"https:\/\/criolloquetzal.ch\/it\/wp-json\/wp\/v2\/product_brand?post=8476"},{"taxonomy":"product_cat","embeddable":true,"href":"https:\/\/criolloquetzal.ch\/it\/wp-json\/wp\/v2\/product_cat?post=8476"},{"taxonomy":"product_tag","embeddable":true,"href":"https:\/\/criolloquetzal.ch\/it\/wp-json\/wp\/v2\/product_tag?post=8476"}],"curies":[{"name":"wp","href":"https:\/\/api.w.org\/{rel}","templated":true}]}}