{"id":9020,"date":"2025-08-02T15:34:46","date_gmt":"2025-08-02T13:34:46","guid":{"rendered":"https:\/\/criolloquetzal.ch\/produit\/theo-philo-cioccolato-fondente-65-al-mango-al-peperoncino-e-ai-nib-di-cacao-filippine\/"},"modified":"2026-04-03T11:39:21","modified_gmt":"2026-04-03T09:39:21","slug":"theo-philo-cioccolato-fondente-65-mango-peperoncino-nibs-di-cacao-filippine","status":"publish","type":"product","link":"https:\/\/criolloquetzal.ch\/it\/produit\/theo-philo-cioccolato-fondente-65-mango-peperoncino-nibs-di-cacao-filippine\/","title":{"rendered":"Theo &#038; Philo - Cioccolato fondente 65% con mango, peperoncino e nibs di cacao - FILIPPINE"},"content":{"rendered":"<p>Con peperoncino piccante per accendere l'unione tra i manghi dolci e i nib di cacao, questo trio in cioccolato fondente di Theo &amp; Philo \u00e8 cos\u00ec scandalosamente delizioso che non c'\u00e8 modo di tenerlo segreto. Non c'\u00e8 da stupirsi se si dice che le cose belle si fanno in tre!<\/p>\n","protected":false},"excerpt":{"rendered":"<p>Con peperoncino piccante per accendere l'unione tra i manghi dolci e i nib di cacao, questo trio in cioccolato fondente di Theo &amp; Philo \u00e8 cos\u00ec scandalosamente delizioso che non c'\u00e8 modo di tenerlo segreto.<\/p>\n","protected":false},"featured_media":8862,"template":"","meta":{"_acf_changed":false,"inline_featured_image":false},"product_brand":[],"product_cat":[157,141],"product_tag":[],"class_list":{"0":"post-9020","1":"product","2":"type-product","3":"status-publish","4":"has-post-thumbnail","6":"product_cat-filippine","7":"product_cat-asia-pacifico","9":"first","10":"outofstock","11":"taxable","12":"shipping-taxable","13":"purchasable","14":"product-type-simple"},"bundled_by":[],"bundle_stock_status":"outofstock","bundle_stock_quantity":0,"bundle_virtual":false,"bundle_layout":"","bundle_add_to_cart_form_location":"","bundle_editable_in_cart":false,"bundle_sold_individually_context":"","bundle_item_grouping":"","bundle_min_size":"","bundle_max_size":"","bundle_price":[],"bundled_items":[],"bundle_sell_ids":[],"acf":{"ingredients":"Pasta di cacao (58% Filippine), zucchero di canna, mango essiccato, burro di cacao, peperoncino essiccato","energie":498,"graisse":25,"graisse_saturee":16,"glucides":62,"sucre":40,"fibre":"0","proteines":6,"sel":-1},"_links":{"self":[{"href":"https:\/\/criolloquetzal.ch\/it\/wp-json\/wp\/v2\/product\/9020","targetHints":{"allow":["GET"]}}],"collection":[{"href":"https:\/\/criolloquetzal.ch\/it\/wp-json\/wp\/v2\/product"}],"about":[{"href":"https:\/\/criolloquetzal.ch\/it\/wp-json\/wp\/v2\/types\/product"}],"wp:featuredmedia":[{"embeddable":true,"href":"https:\/\/criolloquetzal.ch\/it\/wp-json\/wp\/v2\/media\/8862"}],"wp:attachment":[{"href":"https:\/\/criolloquetzal.ch\/it\/wp-json\/wp\/v2\/media?parent=9020"}],"wp:term":[{"taxonomy":"product_brand","embeddable":true,"href":"https:\/\/criolloquetzal.ch\/it\/wp-json\/wp\/v2\/product_brand?post=9020"},{"taxonomy":"product_cat","embeddable":true,"href":"https:\/\/criolloquetzal.ch\/it\/wp-json\/wp\/v2\/product_cat?post=9020"},{"taxonomy":"product_tag","embeddable":true,"href":"https:\/\/criolloquetzal.ch\/it\/wp-json\/wp\/v2\/product_tag?post=9020"}],"curies":[{"name":"wp","href":"https:\/\/api.w.org\/{rel}","templated":true}]}}