{"id":9027,"date":"2025-08-02T13:34:45","date_gmt":"2025-08-02T11:34:45","guid":{"rendered":"https:\/\/criolloquetzal.ch\/produit\/theo-philo-cioccolato-fondente-65-al-calamondino-filippine\/"},"modified":"2026-04-23T04:57:24","modified_gmt":"2026-04-23T02:57:24","slug":"theo-philo-cioccolato-fondente-65-calamondino-filippine","status":"publish","type":"product","link":"https:\/\/criolloquetzal.ch\/it\/produit\/theo-philo-cioccolato-fondente-65-calamondino-filippine\/","title":{"rendered":"Theo &#038; Philo - Cioccolato fondente 65% con calamondino - FILIPPINE"},"content":{"rendered":"<p>Fai entrare il sole nel tuo cioccolato Theo &amp; Philo! Il gusto tropicale rinfrescante del calamondino <span class=\"redactor-invisible-space\" data-verified=\"redactor\" data-redactor-tag=\"span\" data-redactor-class=\"redactor-invisible-space\">\u200b(calamansi) <\/span>conferisce al cioccolato fondente vellutato un tocco di agrumi. Che sia La Ni\u00f1a o El Ni\u00f1o, con questa combinazione dolce e frizzante, l'estate \u00e8 sempre perfetta.<\/p>\n<p>Il calamondino <span class=\"redactor-invisible-space\" data-verified=\"redactor\" data-redactor-tag=\"span\" data-redactor-class=\"redactor-invisible-space\">\u200b<\/span>\u00e8 un agrume tipico delle Filippine molto utilizzato. \u00c8 un ibrido tra il kumquat e il mandarino, che all'esterno assomiglia a un lime.<\/p>\n","protected":false},"excerpt":{"rendered":"<p>Fai entrare il sole nel tuo cioccolato Theo &amp; Philo! Il gusto tropicale rinfrescante del calamondino <span class=\"redactor-invisible-space\" data-verified=\"redactor\" data-redactor-tag=\"span\" data-redactor-class=\"redactor-invisible-space\">\u200b<\/span>conferisce al cioccolato fondente vellutato un tocco di agrumi. Che sia La Ni\u00f1a o El Ni\u00f1o, con questa combinazione dolce e frizzante, l'estate \u00e8 sempre perfetta. Il calamondino <span class=\"redactor-invisible-space\" data-verified=\"redactor\" data-redactor-tag=\"span\" data-redactor-class=\"redactor-invisible-space\">\u200b<\/span>\u00e8 un agrume tipico delle Filippine molto utilizzato. \u00c8 un ibrido tra il kumquat e il mandarino, che all'esterno assomiglia a un lime.<\/p>\n","protected":false},"featured_media":8850,"template":"","meta":{"_acf_changed":false,"inline_featured_image":false},"product_brand":[],"product_cat":[157,141],"product_tag":[],"class_list":{"0":"post-9027","1":"product","2":"type-product","3":"status-publish","4":"has-post-thumbnail","6":"product_cat-filippine","7":"product_cat-asia-pacifico","9":"first","10":"outofstock","11":"taxable","12":"shipping-taxable","13":"purchasable","14":"product-type-simple"},"bundled_by":[],"bundle_stock_status":"outofstock","bundle_stock_quantity":0,"bundle_virtual":false,"bundle_layout":"","bundle_add_to_cart_form_location":"","bundle_editable_in_cart":false,"bundle_sold_individually_context":"","bundle_item_grouping":"","bundle_min_size":"","bundle_max_size":"","bundle_price":[],"bundled_items":[],"bundle_sell_ids":[],"acf":{"ingredients":"Pasta di cacao (58% Filippine), zucchero di canna, scorza di calamondino, burro di cacao","energie":554,"graisse":34,"graisse_saturee":22,"glucides":56,"sucre":27,"fibre":"0","proteines":7,"sel":0},"_links":{"self":[{"href":"https:\/\/criolloquetzal.ch\/it\/wp-json\/wp\/v2\/product\/9027","targetHints":{"allow":["GET"]}}],"collection":[{"href":"https:\/\/criolloquetzal.ch\/it\/wp-json\/wp\/v2\/product"}],"about":[{"href":"https:\/\/criolloquetzal.ch\/it\/wp-json\/wp\/v2\/types\/product"}],"wp:featuredmedia":[{"embeddable":true,"href":"https:\/\/criolloquetzal.ch\/it\/wp-json\/wp\/v2\/media\/8850"}],"wp:attachment":[{"href":"https:\/\/criolloquetzal.ch\/it\/wp-json\/wp\/v2\/media?parent=9027"}],"wp:term":[{"taxonomy":"product_brand","embeddable":true,"href":"https:\/\/criolloquetzal.ch\/it\/wp-json\/wp\/v2\/product_brand?post=9027"},{"taxonomy":"product_cat","embeddable":true,"href":"https:\/\/criolloquetzal.ch\/it\/wp-json\/wp\/v2\/product_cat?post=9027"},{"taxonomy":"product_tag","embeddable":true,"href":"https:\/\/criolloquetzal.ch\/it\/wp-json\/wp\/v2\/product_tag?post=9027"}],"curies":[{"name":"wp","href":"https:\/\/api.w.org\/{rel}","templated":true}]}}